{"id":49,"date":"2017-02-21T16:53:43","date_gmt":"2017-02-21T15:53:43","guid":{"rendered":"http:\/\/etraz-immo.ch\/?page_id=49"},"modified":"2024-11-21T22:34:19","modified_gmt":"2024-11-21T21:34:19","slug":"accueil","status":"publish","type":"page","link":"http:\/\/etraz-immo.ch\/de\/","title":{"rendered":""},"content":{"rendered":"\n<h4>Willkommen auf unserer Seite, zum Jahresende bereiten wir den Grundstein f\u00fcr die n\u00e4chsten Immobilienprojekte im Jahr 2025.<\/h4>\n<h6><br \/>In K\u00fcrze werden wir hier neue Immobilienangebote anbieten und stehen Ihnen jederzeit f\u00fcr weitere Kontaktaufnahme zur Verf\u00fcgung.<\/h6>\n<h6>Unsere B\u00fcros in unserer Lonay-Halle an der Rte de Denges 22 sind jeden Morgen oder nach Vereinbarung f\u00fcr Sie ge\u00f6ffnet, rufen Sie uns unter +41 (0)21 802 54 07 an.<br \/><br \/><\/h6>\n<p><\/p>\n<p><img loading=\"lazy\" decoding=\"async\" src=\"http:\/\/etraz-immo.ch\/de\/wp-content\/uploads\/sites\/3\/2021\/06\/Hall-Lonay-sans-logo-1.jpg\" alt=\"\" width=\"924\" height=\"289\" class=\"wp-image-554 size-full aligncenter\" srcset=\"http:\/\/etraz-immo.ch\/de\/wp-content\/uploads\/sites\/3\/2021\/06\/Hall-Lonay-sans-logo-1.jpg 924w, http:\/\/etraz-immo.ch\/de\/wp-content\/uploads\/sites\/3\/2021\/06\/Hall-Lonay-sans-logo-1-300x94.jpg 300w, http:\/\/etraz-immo.ch\/de\/wp-content\/uploads\/sites\/3\/2021\/06\/Hall-Lonay-sans-logo-1-768x240.jpg 768w\" sizes=\"auto, (max-width: 924px) 100vw, 924px\" \/><\/p>\n\n\n\n\n\n<p><\/p>\n","protected":false},"excerpt":{"rendered":"<p>Willkommen auf unserer Seite, zum Jahresende bereiten wir den Grundstein f\u00fcr die n\u00e4chsten Immobilienprojekte im Jahr 2025. In K\u00fcrze werden wir hier neue Immobilienangebote anbieten und stehen Ihnen jederzeit f\u00fcr weitere Kontaktaufnahme zur Verf\u00fcgung. Unsere B\u00fcros in unserer Lonay-Halle an der Rte de Denges 22 sind jeden Morgen oder nach [&hellip;]<\/p>\n","protected":false},"author":1,"featured_media":0,"parent":0,"menu_order":0,"comment_status":"closed","ping_status":"closed","template":"","meta":{"footnotes":""},"class_list":["post-49","page","type-page","status-publish","hentry"],"_links":{"self":[{"href":"http:\/\/etraz-immo.ch\/de\/wp-json\/wp\/v2\/pages\/49","targetHints":{"allow":["GET"]}}],"collection":[{"href":"http:\/\/etraz-immo.ch\/de\/wp-json\/wp\/v2\/pages"}],"about":[{"href":"http:\/\/etraz-immo.ch\/de\/wp-json\/wp\/v2\/types\/page"}],"author":[{"embeddable":true,"href":"http:\/\/etraz-immo.ch\/de\/wp-json\/wp\/v2\/users\/1"}],"replies":[{"embeddable":true,"href":"http:\/\/etraz-immo.ch\/de\/wp-json\/wp\/v2\/comments?post=49"}],"version-history":[{"count":53,"href":"http:\/\/etraz-immo.ch\/de\/wp-json\/wp\/v2\/pages\/49\/revisions"}],"predecessor-version":[{"id":596,"href":"http:\/\/etraz-immo.ch\/de\/wp-json\/wp\/v2\/pages\/49\/revisions\/596"}],"wp:attachment":[{"href":"http:\/\/etraz-immo.ch\/de\/wp-json\/wp\/v2\/media?parent=49"}],"curies":[{"name":"wp","href":"https:\/\/api.w.org\/{rel}","templated":true}]}}