{"id":123,"date":"2017-02-21T18:31:52","date_gmt":"2017-02-21T17:31:52","guid":{"rendered":"http:\/\/etraz-immo.ch\/?page_id=123"},"modified":"2021-06-03T10:26:19","modified_gmt":"2021-06-03T08:26:19","slug":"promotion-la-preya","status":"publish","type":"page","link":"https:\/\/etraz-immo.ch\/de\/promotion-la-preya\/","title":{"rendered":"Residence La Preya"},"content":{"rendered":"<h2 id=\"tw-target-text\" class=\"tw-data-text tw-ta tw-text-medium\"><span lang=\"de\">La Preya :<\/span><\/h2>\n<div id=\"metaslider-id-298\" style=\"max-width: 1200px;\" class=\"ml-slider-3-93-0 metaslider metaslider-nivo metaslider-298 ml-slider ms-theme-default\" role=\"region\" aria-roledescription=\"Slideshow\" aria-label=\"Travaux\">\n    <div id=\"metaslider_container_298\">\n        <div class='slider-wrapper theme-default'><div class='ribbon'><\/div><div id='metaslider_298' class='nivoSlider'><img loading=\"lazy\" decoding=\"async\" src=\"https:\/\/etraz-immo.ch\/de\/wp-content\/uploads\/sites\/3\/2018\/02\/DSC_0072-1-1200x700.jpg\" height=\"700\" width=\"1200\" alt=\"\" class=\"slider-298 slide-346\" \/><img loading=\"lazy\" decoding=\"async\" src=\"https:\/\/etraz-immo.ch\/de\/wp-content\/uploads\/sites\/3\/2018\/12\/5DM37456-HDR-1200x700.jpg\" height=\"700\" width=\"1200\" title=\"5DM37456-HDR\" alt=\"\" class=\"slider-298 slide-433\" \/><img loading=\"lazy\" decoding=\"async\" src=\"https:\/\/etraz-immo.ch\/de\/wp-content\/uploads\/sites\/3\/2018\/12\/5DM37464-HDR-1200x700.jpg\" height=\"700\" width=\"1200\" title=\"5DM37464-HDR\" alt=\"\" class=\"slider-298 slide-434\" \/><img loading=\"lazy\" decoding=\"async\" src=\"https:\/\/etraz-immo.ch\/de\/wp-content\/uploads\/sites\/3\/2018\/12\/5DM37516-HDR-1200x700.jpg\" height=\"700\" width=\"1200\" title=\"5DM37516-HDR\" alt=\"\" class=\"slider-298 slide-442\" \/><img loading=\"lazy\" decoding=\"async\" src=\"https:\/\/etraz-immo.ch\/de\/wp-content\/uploads\/sites\/3\/2018\/12\/5DM37488-HDR-1200x700.jpg\" height=\"700\" width=\"1200\" title=\"5DM37488-HDR\" alt=\"\" class=\"slider-298 slide-437\" \/><img loading=\"lazy\" decoding=\"async\" src=\"https:\/\/etraz-immo.ch\/de\/wp-content\/uploads\/sites\/3\/2018\/02\/10_Promotion-La-Preya-1641455_1666124-130_003-1200x700.jpg\" height=\"700\" width=\"1200\" alt=\"\" class=\"slider-298 slide-362\" \/><img loading=\"lazy\" decoding=\"async\" src=\"https:\/\/etraz-immo.ch\/de\/wp-content\/uploads\/sites\/3\/2018\/02\/10_Promotion-La-Preya-1641455_1666124-130_001-1200x700.jpg\" height=\"700\" width=\"1200\" alt=\"\" class=\"slider-298 slide-361\" \/><img loading=\"lazy\" decoding=\"async\" src=\"https:\/\/etraz-immo.ch\/de\/wp-content\/uploads\/sites\/3\/2018\/02\/10_Promotion-La-Preya-1641455_1666124-130_004-1200x700.jpg\" height=\"700\" width=\"1200\" alt=\"\" class=\"slider-298 slide-363\" \/><img loading=\"lazy\" decoding=\"async\" src=\"https:\/\/etraz-immo.ch\/de\/wp-content\/uploads\/sites\/3\/2018\/02\/20_Promotion-La-Preya-1641455_1666124-130_001-1200x700.jpg\" height=\"700\" width=\"1200\" alt=\"\" class=\"slider-298 slide-364\" \/><img loading=\"lazy\" decoding=\"async\" src=\"https:\/\/etraz-immo.ch\/de\/wp-content\/uploads\/sites\/3\/2018\/02\/20_Promotion-La-Preya-1641455_1666124-130_002-1200x700.jpg\" height=\"700\" width=\"1200\" alt=\"\" class=\"slider-298 slide-365\" \/><img loading=\"lazy\" decoding=\"async\" src=\"https:\/\/etraz-immo.ch\/de\/wp-content\/uploads\/sites\/3\/2017\/08\/salle-de-bain-2.5-pce-1200x700.jpg\" height=\"700\" width=\"1200\" alt=\"\" class=\"slider-298 slide-324\" \/><img loading=\"lazy\" decoding=\"async\" src=\"https:\/\/etraz-immo.ch\/de\/wp-content\/uploads\/sites\/3\/2017\/08\/WC-2.5-pce-1200x700.jpg\" height=\"700\" width=\"1200\" alt=\"\" class=\"slider-298 slide-328\" \/><img loading=\"lazy\" decoding=\"async\" src=\"https:\/\/etraz-immo.ch\/de\/wp-content\/uploads\/sites\/3\/2017\/08\/Preya-arret-bus-photo-1200x700.jpg\" height=\"700\" width=\"1200\" alt=\"\" class=\"slider-298 slide-322\" \/><img loading=\"lazy\" decoding=\"async\" src=\"https:\/\/etraz-immo.ch\/de\/wp-content\/uploads\/sites\/3\/2017\/08\/terasse-2-et-4-pce-1200x700.jpg\" height=\"700\" width=\"1200\" alt=\"\" class=\"slider-298 slide-325\" \/><img loading=\"lazy\" decoding=\"async\" src=\"https:\/\/etraz-immo.ch\/de\/wp-content\/uploads\/sites\/3\/2017\/08\/vue-4.5-pce-1200x700.jpg\" height=\"700\" width=\"1200\" alt=\"\" class=\"slider-298 slide-326\" \/><img loading=\"lazy\" decoding=\"async\" src=\"https:\/\/etraz-immo.ch\/de\/wp-content\/uploads\/sites\/3\/2018\/02\/DSC_0078-1-1200x700.jpg\" height=\"700\" width=\"1200\" alt=\"\" class=\"slider-298 slide-347\" \/><img loading=\"lazy\" decoding=\"async\" src=\"https:\/\/etraz-immo.ch\/de\/wp-content\/uploads\/sites\/3\/2018\/05\/IMG_6423-1200x700.jpg\" height=\"700\" width=\"1200\" alt=\"\" class=\"slider-298 slide-386\" \/><img loading=\"lazy\" decoding=\"async\" src=\"https:\/\/etraz-immo.ch\/de\/wp-content\/uploads\/sites\/3\/2017\/08\/couloir-assenceure-1200x700.jpg\" height=\"700\" width=\"1200\" alt=\"\" class=\"slider-298 slide-319\" \/><img loading=\"lazy\" decoding=\"async\" src=\"https:\/\/etraz-immo.ch\/de\/wp-content\/uploads\/sites\/3\/2018\/12\/5DM37468-HDR-1200x700.jpg\" height=\"700\" width=\"1200\" title=\"5DM37468-HDR\" alt=\"\" class=\"slider-298 slide-435\" \/><img loading=\"lazy\" decoding=\"async\" src=\"https:\/\/etraz-immo.ch\/de\/wp-content\/uploads\/sites\/3\/2018\/12\/5DM37480-HDR-1200x700.jpg\" height=\"700\" width=\"1200\" title=\"5DM37480-HDR\" alt=\"\" class=\"slider-298 slide-436\" \/><img loading=\"lazy\" decoding=\"async\" src=\"https:\/\/etraz-immo.ch\/de\/wp-content\/uploads\/sites\/3\/2018\/12\/5DM37496-HDR-1200x700.jpg\" height=\"700\" width=\"1200\" title=\"5DM37496-HDR\" alt=\"\" class=\"slider-298 slide-438\" \/><img loading=\"lazy\" decoding=\"async\" src=\"https:\/\/etraz-immo.ch\/de\/wp-content\/uploads\/sites\/3\/2018\/12\/5DM37500-HDR-1200x700.jpg\" height=\"700\" width=\"1200\" title=\"5DM37500-HDR\" alt=\"\" class=\"slider-298 slide-439\" \/><img loading=\"lazy\" decoding=\"async\" src=\"https:\/\/etraz-immo.ch\/de\/wp-content\/uploads\/sites\/3\/2018\/12\/5DM37504-HDR-1200x700.jpg\" height=\"700\" width=\"1200\" title=\"5DM37504-HDR\" alt=\"\" class=\"slider-298 slide-440\" \/><img loading=\"lazy\" decoding=\"async\" src=\"https:\/\/etraz-immo.ch\/de\/wp-content\/uploads\/sites\/3\/2018\/12\/5DM37508-HDR-1200x700.jpg\" height=\"700\" width=\"1200\" title=\"5DM37508-HDR\" alt=\"\" class=\"slider-298 slide-441\" \/><img loading=\"lazy\" decoding=\"async\" src=\"https:\/\/etraz-immo.ch\/de\/wp-content\/uploads\/sites\/3\/2019\/02\/5DM37090-HDR-1200x700.jpg\" height=\"700\" width=\"1200\" title=\"5DM37090-HDR\" alt=\"\" class=\"slider-298 slide-467\" \/><img loading=\"lazy\" decoding=\"async\" src=\"https:\/\/etraz-immo.ch\/de\/wp-content\/uploads\/sites\/3\/2019\/02\/5DM37102-HDR-1200x700.jpg\" height=\"700\" width=\"1200\" title=\"5DM37102-HDR\" alt=\"\" class=\"slider-298 slide-468\" \/><img loading=\"lazy\" decoding=\"async\" src=\"https:\/\/etraz-immo.ch\/de\/wp-content\/uploads\/sites\/3\/2019\/02\/5DM37106-HDR-1200x700.jpg\" height=\"700\" width=\"1200\" title=\"5DM37106-HDR\" alt=\"\" class=\"slider-298 slide-469\" \/><img loading=\"lazy\" decoding=\"async\" src=\"https:\/\/etraz-immo.ch\/de\/wp-content\/uploads\/sites\/3\/2019\/02\/5DM37110-HDR-1200x700.jpg\" height=\"700\" width=\"1200\" title=\"5DM37110-HDR\" alt=\"\" class=\"slider-298 slide-470\" \/><img loading=\"lazy\" decoding=\"async\" src=\"https:\/\/etraz-immo.ch\/de\/wp-content\/uploads\/sites\/3\/2019\/02\/5DM37122-HDR-1200x700.jpg\" height=\"700\" width=\"1200\" title=\"5DM37122-HDR\" alt=\"\" class=\"slider-298 slide-471\" \/><img loading=\"lazy\" decoding=\"async\" src=\"https:\/\/etraz-immo.ch\/de\/wp-content\/uploads\/sites\/3\/2019\/02\/bathroom-3-1200x700.jpg\" height=\"700\" width=\"1200\" title=\"bathroom 3\" alt=\"\" class=\"slider-298 slide-472\" \/><img loading=\"lazy\" decoding=\"async\" src=\"https:\/\/etraz-immo.ch\/de\/wp-content\/uploads\/sites\/3\/2019\/02\/room-1-1200x700.jpg\" height=\"700\" width=\"1200\" title=\"room 1\" alt=\"\" class=\"slider-298 slide-473\" \/><img loading=\"lazy\" decoding=\"async\" src=\"https:\/\/etraz-immo.ch\/de\/wp-content\/uploads\/sites\/3\/2019\/02\/room-2-1200x700.jpg\" height=\"700\" width=\"1200\" title=\"room 2\" alt=\"\" class=\"slider-298 slide-474\" \/><img loading=\"lazy\" decoding=\"async\" src=\"https:\/\/etraz-immo.ch\/de\/wp-content\/uploads\/sites\/3\/2019\/02\/room-3-1200x700.jpg\" height=\"700\" width=\"1200\" title=\"room 3\" alt=\"\" class=\"slider-298 slide-475\" \/><img loading=\"lazy\" decoding=\"async\" src=\"https:\/\/etraz-immo.ch\/de\/wp-content\/uploads\/sites\/3\/2019\/02\/master-bedroom-1200x700.jpg\" height=\"700\" width=\"1200\" title=\"master bedroom\" alt=\"\" class=\"slider-298 slide-476\" \/><img loading=\"lazy\" decoding=\"async\" src=\"https:\/\/etraz-immo.ch\/de\/wp-content\/uploads\/sites\/3\/2019\/02\/IMG_8969-1200x700.jpg\" height=\"700\" width=\"1200\" title=\"IMG_8969\" alt=\"\" class=\"slider-298 slide-483\" \/><img loading=\"lazy\" decoding=\"async\" src=\"https:\/\/etraz-immo.ch\/de\/wp-content\/uploads\/sites\/3\/2019\/02\/IMG_8968-1200x700.jpg\" height=\"700\" width=\"1200\" title=\"IMG_8968\" alt=\"\" class=\"slider-298 slide-484\" \/><img loading=\"lazy\" decoding=\"async\" src=\"https:\/\/etraz-immo.ch\/de\/wp-content\/uploads\/sites\/3\/2019\/02\/IMG_8962-1200x700.jpg\" height=\"700\" width=\"1200\" title=\"IMG_8962\" alt=\"\" class=\"slider-298 slide-485\" \/><img loading=\"lazy\" decoding=\"async\" src=\"https:\/\/etraz-immo.ch\/de\/wp-content\/uploads\/sites\/3\/2019\/02\/la-preya-vue-ext-4-1200x700.jpg\" height=\"700\" width=\"1200\" title=\"la preya vue ext 4\" alt=\"\" class=\"slider-298 slide-486\" \/><img loading=\"lazy\" decoding=\"async\" src=\"https:\/\/etraz-immo.ch\/de\/wp-content\/uploads\/sites\/3\/2019\/02\/la-preya-vue-ext5-1200x700.jpg\" height=\"700\" width=\"1200\" title=\"la preya vue ext5\" alt=\"\" class=\"slider-298 slide-487\" \/><img loading=\"lazy\" decoding=\"async\" src=\"https:\/\/etraz-immo.ch\/de\/wp-content\/uploads\/sites\/3\/2019\/04\/IMG_9063-HDR-1200x700.jpg\" height=\"700\" width=\"1200\" title=\"IMG_9063-HDR\" alt=\"\" class=\"slider-298 slide-508\" \/><img loading=\"lazy\" decoding=\"async\" src=\"https:\/\/etraz-immo.ch\/de\/wp-content\/uploads\/sites\/3\/2019\/04\/IMG_9069-HDR-1200x700.jpg\" height=\"700\" width=\"1200\" title=\"IMG_9069-HDR\" alt=\"\" class=\"slider-298 slide-509\" \/><img loading=\"lazy\" decoding=\"async\" src=\"https:\/\/etraz-immo.ch\/de\/wp-content\/uploads\/sites\/3\/2019\/04\/IMG_9074-HDR-1200x700.jpg\" height=\"700\" width=\"1200\" title=\"IMG_9074-HDR\" alt=\"\" class=\"slider-298 slide-510\" \/><img loading=\"lazy\" decoding=\"async\" src=\"https:\/\/etraz-immo.ch\/de\/wp-content\/uploads\/sites\/3\/2019\/04\/IMG_9078-HDR-1200x700.jpg\" height=\"700\" width=\"1200\" title=\"IMG_9078-HDR\" alt=\"\" class=\"slider-298 slide-511\" \/><img loading=\"lazy\" decoding=\"async\" src=\"https:\/\/etraz-immo.ch\/de\/wp-content\/uploads\/sites\/3\/2019\/04\/IMG_9087-HDR-1200x700.jpg\" height=\"700\" width=\"1200\" title=\"IMG_9087-HDR\" alt=\"\" class=\"slider-298 slide-512\" \/><img loading=\"lazy\" decoding=\"async\" src=\"https:\/\/etraz-immo.ch\/de\/wp-content\/uploads\/sites\/3\/2019\/04\/IMG_9090-HDR-1200x700.jpg\" height=\"700\" width=\"1200\" title=\"IMG_9090-HDR\" alt=\"\" class=\"slider-298 slide-513\" \/><img loading=\"lazy\" decoding=\"async\" src=\"https:\/\/etraz-immo.ch\/de\/wp-content\/uploads\/sites\/3\/2019\/04\/IMG_9096-HDR-2-1200x700.jpg\" height=\"700\" width=\"1200\" title=\"IMG_9096-HDR-2\" alt=\"\" class=\"slider-298 slide-514\" \/><\/div><\/div>\n        \n    <\/div>\n<\/div>\n<h2>Haute-Nendaz \/ VS<\/h2>\n<p>Die Residenz La Preya liegt in unmittelbarer N\u00e4he des Zentrums und Ihrer Annehmlichkeiten.<\/p>\n<p>Dieser Neubau bietet 7 Eigentumswohnungen auf 3 Geschossen verteilt, sowie 8 Innen und 4 Aussen-Parkpl\u00e4tze.<\/p>\n<p>Alle Wohnungen haben eine Aussicht \u00fcber das Rhonetal und die Alpen. Sie sind mit grossen Schiebefenster sowie grossz\u00fcgigen Balkonen ausgestattet.<\/p>\n<p>Gartensitzpl\u00e4tze f\u00fcr die 4.5 Zi. Erdgeschoss Wohnungen runden das Angebot ab.<\/p>\n<p>Die Residenz verf\u00fcgt \u00fcber einen Lift, einen Kellerraum pro Wohnung, eine gemeinsame Waschk\u00fcche.<\/p>\n<p>Was die Heizenergie betrifft, wird das Geb\u00e4ude mit Gas geheizt und die Wohnungen sind mit Bodenheizung ausgestattet. Die 4.5 Zimmer Wohnungen haben zus\u00e4tzlich einen Kaminofen.<\/p>\n<p>Edle Materialien wurden f\u00fcr diesen Bau und deren Isolation verwendet. Dreifach-Verglasung, Naturstein, L\u00e4rchenholz. Der Innen-Ausbau (die Ausstattung im h\u00f6heren Standard),<\/p>\n<p>Baujahr 2018<\/p>\n<h2>Viruelle Tour 360\u00b0 :<\/h2>\n<pre><span class=\"\" style=\"font-family: HelveticaNeue;\">Eigentumswohnungen 20 :\u00a0<a href=\"https:\/\/arolle.com\/virtualtour\/lapreya\/4.5\/\" class=\"\">https:\/\/arolle.com\/virtualtou<\/a><\/span><span class=\"\" style=\"font-family: HelveticaNeue;\"><a href=\"https:\/\/arolle.com\/virtualtour\/lapreya\/4.5\/\" class=\"\">r\/4.5<\/a><\/span>\n\n<span class=\"\" style=\"font-family: HelveticaNeue;\">Eigentumswohnungen 18 :\u00a0<a href=\"https:\/\/arolle.com\/virtualtour\/etraz-immo\/la_preya\/18-2\/\" class=\"\">https:\/\/arolle.com\/virtualtour\/etraz-immo\/la_preya\/18-2\/<\/a><o:p class=\"\"><\/o:p><\/span>\n\n<span class=\"\" style=\"font-family: HelveticaNeue;\">Eigentumswohnungen 21 :\u00a0<a href=\"https:\/\/arolle.com\/virtualtour\/etraz-immo\/la_preya\/21-5\/\" class=\"\">https:\/\/arolle.com\/virtualtour\/etraz-immo\/la_preya\/21-5\/<\/a><\/span><\/pre>\n<p><strong><span>\u00a0<\/span><\/strong><\/p>\n<h2>Haute-Nendaz :<\/h2>\n<div id=\"metaslider-id-216\" style=\"max-width: 1200px;\" class=\"ml-slider-3-93-0 metaslider metaslider-nivo metaslider-216 ml-slider ms-theme-default\" role=\"region\" aria-roledescription=\"Slideshow\" aria-label=\"Nendaz Gallery\">\n    <div id=\"metaslider_container_216\">\n        <div class='slider-wrapper theme-default'><div class='ribbon'><\/div><div id='metaslider_216' class='nivoSlider'><img loading=\"lazy\" decoding=\"async\" src=\"https:\/\/etraz-immo.ch\/de\/wp-content\/uploads\/sites\/3\/2017\/04\/Nendaz_1er-ao\u00fbt_Copyright-Arnaud-Delhez-5-1200x600.jpg\" height=\"600\" width=\"1200\" data-caption=\"Copyright Arnaud Delhez\" alt=\"\" class=\"slider-216 slide-225\" \/><img loading=\"lazy\" decoding=\"async\" src=\"https:\/\/etraz-immo.ch\/de\/wp-content\/uploads\/sites\/3\/2017\/04\/Nendaz_2011_Copyright-Arnaud-Delhez-3-1200x600.jpg\" height=\"600\" width=\"1200\" data-caption=\"Copyright Arnaud Delhez\" alt=\"\" class=\"slider-216 slide-226\" \/><img loading=\"lazy\" decoding=\"async\" src=\"https:\/\/etraz-immo.ch\/de\/wp-content\/uploads\/sites\/3\/2017\/04\/Nendaz_2011_Copyright-Arnaud-Delhez-1200x600.jpg\" height=\"600\" width=\"1200\" data-caption=\"Copyright Arnaud Delhez\" alt=\"\" class=\"slider-216 slide-227\" \/><img loading=\"lazy\" decoding=\"async\" src=\"https:\/\/etraz-immo.ch\/de\/wp-content\/uploads\/sites\/3\/2017\/04\/Nendaz_Eau_Copyright-Arnaud-Delhez-4-1200x600.jpg\" height=\"600\" width=\"1200\" data-caption=\"Copyright Arnaud Delhez\" alt=\"\" class=\"slider-216 slide-228\" \/><img loading=\"lazy\" decoding=\"async\" src=\"https:\/\/etraz-immo.ch\/de\/wp-content\/uploads\/sites\/3\/2017\/04\/Nendaz_Jardin-Japonais_Copyright-Arnaud-Delhez-5-1200x600.jpg\" height=\"600\" width=\"1200\" data-caption=\"Copyright Arnaud Delhez\" alt=\"\" class=\"slider-216 slide-229\" \/><img loading=\"lazy\" decoding=\"async\" src=\"https:\/\/etraz-immo.ch\/de\/wp-content\/uploads\/sites\/3\/2017\/04\/Nendaz_March\u00e9-Nendard_Copyright-Arnaud-Delhez-1-1200x600.jpg\" height=\"600\" width=\"1200\" data-caption=\"Copyright Arnaud Delhez\" alt=\"\" class=\"slider-216 slide-230\" \/><img loading=\"lazy\" decoding=\"async\" src=\"https:\/\/etraz-immo.ch\/de\/wp-content\/uploads\/sites\/3\/2017\/04\/Nendaz_Plan-du-Fou_2012_Copyright-Arnaud-Delhez-1266-1200x600.jpg\" height=\"600\" width=\"1200\" data-caption=\"Copyright Arnaud Delhez\" alt=\"\" class=\"slider-216 slide-231\" \/><img loading=\"lazy\" decoding=\"async\" src=\"https:\/\/etraz-immo.ch\/de\/wp-content\/uploads\/sites\/3\/2017\/04\/Nendaz_Tracouet_2011_Copyright-Arnaud-Delhez-1200x600.jpg\" height=\"600\" width=\"1200\" data-caption=\"Copyright Arnaud Delhez\" alt=\"\" class=\"slider-216 slide-232\" \/><\/div><\/div>\n        \n    <\/div>\n<\/div>\n<p style=\"text-align: center;\">Schicken Sie uns Ihre W\u00fcnsche :<\/p>\n<p style=\"text-align: center;\">\n\n<div class=\"pirate_forms_container widget-no\" id=\"pirate_forms_container_default\">\n\t<!-- header -->\n\t\n\t<!-- thank you -->\n\t\n\t<div class=\"pirate_forms_wrap\">\n\t<!-- errors -->\n\t\n\t<!-- form -->\n\n\t\t<form\n\t\t\tmethod=\"post\"\n\t\t\tenctype=\"application\/x-www-form-urlencoded\"\n\t\t\tclass=\"pirate_forms  form_honeypot-on wordpress-nonce-on pirate-forms-contact-name-on pirate-forms-contact-email-on pirate-forms-contact-subject-on pirate-forms-contact-message-on pirate-forms-captcha-on pirate-forms-contact-submit-on pirate_forms_from_form-on\"\n\t\t\t\t\t>\n\t\t\t<div class=\"pirate_forms_three_inputs_wrap \">\n\t\n\n<div class=\"col-xs-12 pirate_forms_three_inputs form_field_wrap contact_name_wrap col-xs-12 col-sm-6 contact_name_wrap pirate_forms_three_inputs form_field_wrap\">\n\t\t<input type=\"text\" class=\"form-control\" id=\"pirate-forms-contact-name\" name=\"pirate-forms-contact-name\" class=\"\" placeholder=\"Name\" required oninvalid=\"this.setCustomValidity('Name')\" onchange=\"this.setCustomValidity('')\" value=\"\" >\n<\/div>\n\n\n<div class=\"col-xs-12 pirate_forms_three_inputs form_field_wrap contact_email_wrap col-xs-12 col-sm-6 contact_email_wrap pirate_forms_three_inputs form_field_wrap\">\n\t\t<input type=\"email\" class=\"form-control\" id=\"pirate-forms-contact-email\" name=\"pirate-forms-contact-email\" class=\"\" placeholder=\"E-Mail\" required oninvalid=\"this.setCustomValidity('Mail')\" onchange=\"this.setCustomValidity('')\" value=\"\" >\n<\/div>\n\n\n<div class=\"col-xs-12 pirate_forms_three_inputs form_field_wrap contact_subject_wrap col-xs-12 contact_subject_wrap pirate_forms_three_inputs form_field_wrap\">\n\t\t<input type=\"text\" class=\"form-control\" id=\"pirate-forms-contact-subject\" name=\"pirate-forms-contact-subject\" class=\"\" placeholder=\"Thema\" required oninvalid=\"this.setCustomValidity('Thema')\" onchange=\"this.setCustomValidity('')\" value=\"\" >\n<\/div>\n\t\t\t<\/div>\n\n\t\n\n<div class=\"col-xs-12 form_field_wrap contact_message_wrap col-xs-12 contact_message_wrap pirate_forms_three_inputs form_field_wrap\">\n\t\t<textarea rows=\"5\" cols=\"30\" class=\"form-control\" id=\"pirate-forms-contact-message\" name=\"pirate-forms-contact-message\" class=\"\" placeholder=\"Betrifft\" required oninvalid=\"this.setCustomValidity('Nachricht')\" onchange=\"this.setCustomValidity('')\" ><\/textarea>\n<\/div>\n\n\n<div class=\"col-xs-12 form_field_wrap form_captcha_wrap\">\n\t<div id=\"pirate-forms-captcha\" class=\"g-recaptcha pirate-forms-google-recaptcha\"  data-sitekey=\"6LfJ3NIZAAAAAGuICpQUhvi2Bd_6EnSPatJo-l-C\">\n\t<\/div>\n<\/div>\n\n\n<div class=\"col-xs-12 form_field_wrap contact_submit_wrap\">\n\t<button type=\"submit\" class=\"pirate-forms-submit-button btn btn-primary \" id=\"pirate-forms-contact-submit\" name=\"pirate-forms-contact-submit\" class=\"pirate-forms-submit-button btn btn-primary \" placeholder=\"\" >Senden<\/button>\n<\/div>\n<input type=\"hidden\" id=\"pirate_forms_ajax\" name=\"pirate_forms_ajax\" class=\"\" placeholder=\"\"  value=\"0\"><div class=\"form_field_wrap hidden\" style=\"display: none\"><input type=\"text\" id=\"form_honeypot\" name=\"honeypot\" class=\"\" placeholder=\"\"  value=\"\"><\/div><input type=\"hidden\" id=\"pirate_forms_from_widget\" name=\"pirate_forms_from_widget\" class=\"\" placeholder=\"\"  value=\"0\"><input type=\"hidden\" id=\"wordpress-nonce\" name=\"wordpress-nonce\" class=\"\" placeholder=\"\"  value=\"c774d925e7\"><input type=\"hidden\" id=\"pirate_forms_from_form\" name=\"pirate_forms_from_form\" class=\"\" placeholder=\"\"  value=\"606bc90ad3\">\t\t<\/form>\n\n\t\n\t\t<div class=\"pirate_forms_clearfix\"><\/div>\n\t<\/div>\n\n\t<!-- footer -->\n\t\n<\/div>\n<\/p>\n","protected":false},"excerpt":{"rendered":"<p>La Preya : Haute-Nendaz \/ VS Die Residenz La Preya liegt in unmittelbarer N\u00e4he des Zentrums und Ihrer Annehmlichkeiten. Dieser Neubau bietet 7 Eigentumswohnungen auf 3 Geschossen verteilt, sowie 8 Innen und 4 Aussen-Parkpl\u00e4tze. Alle Wohnungen haben eine Aussicht \u00fcber das Rhonetal und die Alpen. Sie sind mit grossen Schiebefenster [&hellip;]<\/p>\n","protected":false},"author":1,"featured_media":0,"parent":0,"menu_order":0,"comment_status":"closed","ping_status":"closed","template":"","meta":{"footnotes":""},"class_list":["post-123","page","type-page","status-publish","hentry"],"_links":{"self":[{"href":"https:\/\/etraz-immo.ch\/de\/wp-json\/wp\/v2\/pages\/123","targetHints":{"allow":["GET"]}}],"collection":[{"href":"https:\/\/etraz-immo.ch\/de\/wp-json\/wp\/v2\/pages"}],"about":[{"href":"https:\/\/etraz-immo.ch\/de\/wp-json\/wp\/v2\/types\/page"}],"author":[{"embeddable":true,"href":"https:\/\/etraz-immo.ch\/de\/wp-json\/wp\/v2\/users\/1"}],"replies":[{"embeddable":true,"href":"https:\/\/etraz-immo.ch\/de\/wp-json\/wp\/v2\/comments?post=123"}],"version-history":[{"count":41,"href":"https:\/\/etraz-immo.ch\/de\/wp-json\/wp\/v2\/pages\/123\/revisions"}],"predecessor-version":[{"id":553,"href":"https:\/\/etraz-immo.ch\/de\/wp-json\/wp\/v2\/pages\/123\/revisions\/553"}],"wp:attachment":[{"href":"https:\/\/etraz-immo.ch\/de\/wp-json\/wp\/v2\/media?parent=123"}],"curies":[{"name":"wp","href":"https:\/\/api.w.org\/{rel}","templated":true}]}}