{"id":50,"date":"2017-02-21T16:53:43","date_gmt":"2017-02-21T15:53:43","guid":{"rendered":"http:\/\/etraz-immo.ch\/?page_id=50"},"modified":"2017-03-23T10:53:16","modified_gmt":"2017-03-23T09:53:16","slug":"a-propos-de","status":"publish","type":"page","link":"https:\/\/etraz-immo.ch\/de\/a-propos-de\/","title":{"rendered":"\u00dcber uns"},"content":{"rendered":"<p><strong>Die ETRAZ Immo AG<\/strong> wurde im Jahr 2002 gegr\u00fcndet.<\/p>\n<p>Da wir unser erstes Geb\u00e4ude im Kanton Wadt am Etraz Weg erbauten , w\u00e4hlten wir diesen Firmennahmen.<\/p>\n<p>Mit den in den letzten Jahren erworbenen Erfahrungen, plante und erbaute unser Familienunternehmen die Residenz &#8222;La Preya&#8220; , im Herzen der 4 Vall\u00e9es, in Haute Nendaz, im Kanton Wallis.<\/p>\n<p>Weitere neue , innovative Projekte sind in Planung f\u00fcr die kommenden Jahre.<\/p>\n<p>Z\u00f6gern Sie nicht und kontaktieren Sie uns! Vereinbaren Sie ein pers\u00f6nliches Beratungsgespr\u00e4ch.<\/p>\n<p>Profitieren Sie von unserer langj\u00e4hrigen Erfahrung im Immobilienhandel.<\/p>\n<p>Wir sind Ihr kompetenter Ansprechpartner !<\/p>\n<p>Ihre ETRAZ Immo AG.<\/p>\n","protected":false},"excerpt":{"rendered":"<p>Die ETRAZ Immo AG wurde im Jahr 2002 gegr\u00fcndet. Da wir unser erstes Geb\u00e4ude im Kanton Wadt am Etraz Weg erbauten , w\u00e4hlten wir diesen Firmennahmen. Mit den in den letzten Jahren erworbenen Erfahrungen, plante und erbaute unser Familienunternehmen die Residenz &#8222;La Preya&#8220; , im Herzen der 4 Vall\u00e9es, in [&hellip;]<\/p>\n","protected":false},"author":1,"featured_media":47,"parent":0,"menu_order":0,"comment_status":"closed","ping_status":"closed","template":"","meta":{"footnotes":""},"class_list":["post-50","page","type-page","status-publish","hentry"],"_links":{"self":[{"href":"https:\/\/etraz-immo.ch\/de\/wp-json\/wp\/v2\/pages\/50","targetHints":{"allow":["GET"]}}],"collection":[{"href":"https:\/\/etraz-immo.ch\/de\/wp-json\/wp\/v2\/pages"}],"about":[{"href":"https:\/\/etraz-immo.ch\/de\/wp-json\/wp\/v2\/types\/page"}],"author":[{"embeddable":true,"href":"https:\/\/etraz-immo.ch\/de\/wp-json\/wp\/v2\/users\/1"}],"replies":[{"embeddable":true,"href":"https:\/\/etraz-immo.ch\/de\/wp-json\/wp\/v2\/comments?post=50"}],"version-history":[{"count":5,"href":"https:\/\/etraz-immo.ch\/de\/wp-json\/wp\/v2\/pages\/50\/revisions"}],"predecessor-version":[{"id":212,"href":"https:\/\/etraz-immo.ch\/de\/wp-json\/wp\/v2\/pages\/50\/revisions\/212"}],"wp:featuredmedia":[{"embeddable":true,"href":"https:\/\/etraz-immo.ch\/de\/wp-json\/wp\/v2\/media\/47"}],"wp:attachment":[{"href":"https:\/\/etraz-immo.ch\/de\/wp-json\/wp\/v2\/media?parent=50"}],"curies":[{"name":"wp","href":"https:\/\/api.w.org\/{rel}","templated":true}]}}